{"id":1806,"date":"2025-03-10T09:27:39","date_gmt":"2025-03-10T09:27:39","guid":{"rendered":"https:\/\/reverent-booth.185-243-11-55.plesk.page\/?page_id=1806"},"modified":"2025-03-31T18:47:11","modified_gmt":"2025-03-31T16:47:11","slug":"energieberatung","status":"publish","type":"page","link":"https:\/\/ib-kistner.de\/index.php\/leistungen\/energieberatung\/","title":{"rendered":"Energieberatung"},"content":{"rendered":"<div class=\"fusion-fullwidth fullwidth-box fusion-builder-row-1 fusion-flex-container nonhundred-percent-fullwidth non-hundred-percent-height-scrolling\" style=\"--awb-border-radius-top-left:0px;--awb-border-radius-top-right:0px;--awb-border-radius-bottom-right:0px;--awb-border-radius-bottom-left:0px;--awb-flex-wrap:wrap;\" ><div class=\"fusion-builder-row fusion-row fusion-flex-align-items-flex-start fusion-flex-content-wrap\" style=\"max-width:calc( 1200px + 80px );margin-left: calc(-80px \/ 2 );margin-right: calc(-80px \/ 2 );\"><div class=\"fusion-layout-column fusion_builder_column fusion-builder-column-0 fusion_builder_column_2_5 2_5 fusion-flex-column\" style=\"--awb-padding-top:25px;--awb-bg-size:cover;--awb-width-large:40%;--awb-margin-top-large:0px;--awb-spacing-right-large:11px;--awb-margin-bottom-large:18px;--awb-spacing-left-large:40px;--awb-width-medium:40%;--awb-order-medium:0;--awb-spacing-right-medium:11px;--awb-spacing-left-medium:40px;--awb-width-small:100%;--awb-order-small:0;--awb-spacing-right-small:40px;--awb-spacing-left-small:40px;\"><div class=\"fusion-column-wrapper fusion-column-has-shadow fusion-flex-justify-content-flex-start fusion-content-layout-column\"><div class=\"fusion-image-element \" style=\"--awb-caption-title-font-family:var(--h2_typography-font-family);--awb-caption-title-font-weight:var(--h2_typography-font-weight);--awb-caption-title-font-style:var(--h2_typography-font-style);--awb-caption-title-size:var(--h2_typography-font-size);--awb-caption-title-transform:var(--h2_typography-text-transform);--awb-caption-title-line-height:var(--h2_typography-line-height);--awb-caption-title-letter-spacing:var(--h2_typography-letter-spacing);\"><span class=\" fusion-imageframe imageframe-none imageframe-1 hover-type-none\"><img decoding=\"async\" width=\"2560\" height=\"1714\" title=\"Energieausweis\" src=\"https:\/\/ib-kistner.de\/wp-content\/uploads\/2025\/03\/Energieausweis-scaled.jpg\" data-orig-src=\"https:\/\/ib-kistner.de\/wp-content\/uploads\/2025\/03\/Energieausweis-scaled.jpg\" alt class=\"lazyload img-responsive wp-image-1934\" srcset=\"data:image\/svg+xml,%3Csvg%20xmlns%3D%27http%3A%2F%2Fwww.w3.org%2F2000%2Fsvg%27%20width%3D%272560%27%20height%3D%271714%27%20viewBox%3D%270%200%202560%201714%27%3E%3Crect%20width%3D%272560%27%20height%3D%271714%27%20fill-opacity%3D%220%22%2F%3E%3C%2Fsvg%3E\" data-srcset=\"https:\/\/ib-kistner.de\/wp-content\/uploads\/2025\/03\/Energieausweis-200x134.jpg 200w, https:\/\/ib-kistner.de\/wp-content\/uploads\/2025\/03\/Energieausweis-400x268.jpg 400w, https:\/\/ib-kistner.de\/wp-content\/uploads\/2025\/03\/Energieausweis-600x402.jpg 600w, https:\/\/ib-kistner.de\/wp-content\/uploads\/2025\/03\/Energieausweis-800x536.jpg 800w, https:\/\/ib-kistner.de\/wp-content\/uploads\/2025\/03\/Energieausweis-1200x803.jpg 1200w, https:\/\/ib-kistner.de\/wp-content\/uploads\/2025\/03\/Energieausweis-scaled.jpg 2560w\" data-sizes=\"auto\" data-orig-sizes=\"(max-width: 640px) 100vw, 600px\" \/><\/span><\/div><\/div><\/div><div class=\"fusion-layout-column fusion_builder_column fusion-builder-column-1 fusion_builder_column_3_5 3_5 fusion-flex-column fusion-flex-align-self-center\" style=\"--awb-padding-top-small:41px;--awb-bg-size:cover;--awb-width-large:60%;--awb-margin-top-large:0px;--awb-spacing-right-large:40px;--awb-margin-bottom-large:20px;--awb-spacing-left-large:40px;--awb-width-medium:60%;--awb-order-medium:0;--awb-spacing-right-medium:40px;--awb-spacing-left-medium:40px;--awb-width-small:100%;--awb-order-small:1;--awb-spacing-right-small:40px;--awb-margin-bottom-small:0px;--awb-spacing-left-small:40px;\"><div class=\"fusion-column-wrapper fusion-column-has-shadow fusion-flex-justify-content-center fusion-content-layout-column\"><div class=\"fusion-title title fusion-title-1 fusion-sep-none fusion-title-text fusion-title-size-two\" style=\"--awb-margin-bottom:30px;--awb-margin-bottom-small:30px;\"><h2 class=\"fusion-title-heading title-heading-left\" style=\"margin:0;letter-spacing:-1px;text-transform:capitalize;\"><p>Energieberatung<\/p>\n<div id=\"gtx-trans\" style=\"position: absolute; left: -99px; top: -9.33333px;\">\n<div class=\"gtx-trans-icon\"><\/div>\n<\/div><\/h2><\/div><div class=\"fusion-separator\" style=\"align-self: flex-start;margin-right:auto;margin-bottom:50px;width:100%;max-width:80px;\"><div class=\"fusion-separator-border sep-single sep-solid\" style=\"--awb-height:20px;--awb-amount:20px;--awb-sep-color:var(--awb-color4);border-color:var(--awb-color4);border-top-width:3px;\"><\/div><\/div><ul style=\"--awb-size:18px;--awb-line-height:30.6px;--awb-icon-width:30.6px;--awb-icon-height:30.6px;--awb-icon-margin:12.6px;--awb-content-margin:43.2px;\" class=\"fusion-checklist fusion-checklist-1 fusion-checklist-default type-icons\"><li class=\"fusion-li-item\" style=\"\"><span class=\"icon-wrapper circle-no\"><i class=\"fusion-li-icon awb-icon-check\" aria-hidden=\"true\"><\/i><\/span><div class=\"fusion-li-item-content\">\n<p>Analyse des Energieverbrauchs und Identifikation von Einsparpotenzialen<\/p>\n<div id=\"gtx-trans\" style=\"position: absolute; left: -150px; top: 37.6667px;\">\n<div class=\"gtx-trans-icon\"><\/div>\n<\/div>\n<\/div><\/li><li class=\"fusion-li-item\" style=\"\"><span class=\"icon-wrapper circle-no\"><i class=\"fusion-li-icon awb-icon-check\" aria-hidden=\"true\"><\/i><\/span><div class=\"fusion-li-item-content\">\n<p>Entwicklung von Ma\u00dfnahmen zur energetischen Optimierung (z.B. D\u00e4mmung, Heizsysteme, erneuerbare Energien)<\/p>\n<div id=\"gtx-trans\" style=\"position: absolute; left: -183px; top: -9.33333px;\">\n<div class=\"gtx-trans-icon\"><\/div>\n<\/div>\n<\/div><\/li><li class=\"fusion-li-item\" style=\"\"><span class=\"icon-wrapper circle-no\"><i class=\"fusion-li-icon awb-icon-check\" aria-hidden=\"true\"><\/i><\/span><div class=\"fusion-li-item-content\">\n<p>Erstellung von Energieausweisen und F\u00f6rdermittelberatung<\/p>\n<div id=\"gtx-trans\" style=\"position: absolute; left: -28px; top: -9.33333px;\">\n<div class=\"gtx-trans-icon\"><\/div>\n<\/div>\n<\/div><\/li><li class=\"fusion-li-item\" style=\"\"><span class=\"icon-wrapper circle-no\"><i class=\"fusion-li-icon awb-icon-check\" aria-hidden=\"true\"><\/i><\/span><div class=\"fusion-li-item-content\">\n<p>Reduktion von Energiekosten und Minimierung des \u00f6kologischen Fu\u00dfabdrucks<\/p>\n<div id=\"gtx-trans\" style=\"position: absolute; left: -98px; top: -9.33333px;\">\n<div class=\"gtx-trans-icon\"><\/div>\n<\/div>\n<\/div><\/li><\/ul><div class=\"fusion-separator fusion-full-width-sep\" style=\"align-self: center;margin-left: auto;margin-right: auto;margin-top:50px;margin-bottom:50px;width:100%;\"><div class=\"fusion-separator-border sep-single sep-solid\" style=\"--awb-height:20px;--awb-amount:20px;border-color:var(--awb-color3);border-top-width:1px;\"><\/div><\/div><\/div><\/div><div class=\"fusion-layout-column fusion_builder_column fusion-builder-column-2 fusion_builder_column_1_1 1_1 fusion-flex-column\" style=\"--awb-bg-size:cover;--awb-width-large:100%;--awb-margin-top-large:0px;--awb-spacing-right-large:40px;--awb-margin-bottom-large:20px;--awb-spacing-left-large:40px;--awb-width-medium:100%;--awb-order-medium:0;--awb-spacing-right-medium:40px;--awb-spacing-left-medium:40px;--awb-width-small:100%;--awb-order-small:0;--awb-spacing-right-small:40px;--awb-spacing-left-small:40px;\"><div class=\"fusion-column-wrapper fusion-column-has-shadow fusion-flex-justify-content-flex-start fusion-content-layout-column\"><div class=\"fusion-text fusion-text-1 fusion-text-no-margin\" style=\"--awb-text-transform:none;--awb-margin-bottom:40px;\"><p data-pm-slice=\"1 1 &#091;&#093;\">Als erfahrene Energieberater bieten wir Ihnen ma\u00dfgeschneiderte L\u00f6sungen f\u00fcr mehr Energieeffizienz und nachhaltige Kosteneinsparungen. Hier ein \u00dcberblick unserer Leistungen:<\/p>\n<h3>1. <strong>Energieberatung f\u00fcr Wohn- und Nichtwohngeb\u00e4ude<\/strong><\/h3>\n<p>Wir analysieren den energetischen Zustand Ihrer Immobilie und zeigen Ihnen Einsparpotenziale auf. Sie erhalten praxisnahe Empfehlungen, um Ihre Energiekosten zu senken und den Wohnkomfort zu erh\u00f6hen.<\/p>\n<h3>2. <strong>Erstellung von Energieausweisen<\/strong><\/h3>\n<p>Ob Verkauf, Vermietung oder Modernisierung \u2013 ein Energieausweis ist oft Pflicht. Wir erstellen f\u00fcr Sie den gesetzlich vorgeschriebenen Verbrauchs- oder Bedarfsausweis schnell und zuverl\u00e4ssig.<\/p>\n<h3>3. <strong>Sanierungsfahrpl\u00e4ne und Modernisierungskonzepte<\/strong><\/h3>\n<p>Wir entwickeln individuelle Sanierungsstrategien f\u00fcr Ihre Immobilie, inklusive einer detaillierten Planung von Ma\u00dfnahmen, Zeitrahmen und Investitionskosten.<\/p>\n<h3>4. <strong>F\u00f6rdermittelberatung<\/strong><\/h3>\n<p>Nutzen Sie staatliche F\u00f6rderprogramme optimal aus! Wir beraten Sie zu den passenden F\u00f6rderm\u00f6glichkeiten und unterst\u00fctzen Sie bei der Antragstellung.<\/p>\n<h3>5. <strong>Baubegleitung und Qualit\u00e4tssicherung<\/strong><\/h3>\n<p>Wir begleiten Ihre Bau- und Sanierungsprojekte von der Planung bis zur Fertigstellung und sorgen daf\u00fcr, dass alle energetischen Anforderungen fachgerecht umgesetzt werden.<\/p>\n<h3>6. <strong>Photovoltaik- und Heiztechnik-Beratung<\/strong><\/h3>\n<p>Ob Solarstrom, W\u00e4rmepumpe oder moderne Heizsysteme \u2013 wir helfen Ihnen, die passende Technologie f\u00fcr Ihre Bed\u00fcrfnisse zu finden und effizient zu nutzen.<\/p>\n<p><strong>Profitieren Sie von unserer Expertise und starten Sie jetzt Ihre Energiewende!<\/strong><\/p>\n<\/div><div style=\"text-align:center;\"><a class=\"fusion-button button-flat fusion-button-default-size button-custom fusion-button-default button-1 fusion-button-default-span fusion-button-default-type\" style=\"--button_accent_color:var(--awb-color1);--button_border_color:var(--awb-color1);--button_accent_hover_color:var(--awb-color8);--button_border_hover_color:var(--awb-color8);--button_gradient_top_color:var(--awb-color8);--button_gradient_bottom_color:var(--awb-color8);--button_gradient_top_color_hover:var(--awb-color4);--button_gradient_bottom_color_hover:var(--awb-color4);\" target=\"_self\" href=\"https:\/\/ib-kistner.de\/#Kontakt\"><span class=\"fusion-button-text\">Nehmen Sie noch heute Kontakt mit uns auf<\/span><\/a><\/div><\/div><\/div><\/div><\/div>\n","protected":false},"excerpt":{"rendered":"","protected":false},"author":1,"featured_media":0,"parent":10,"menu_order":0,"comment_status":"closed","ping_status":"closed","template":"","meta":{"footnotes":""},"class_list":["post-1806","page","type-page","status-publish","hentry"],"_links":{"self":[{"href":"https:\/\/ib-kistner.de\/index.php\/wp-json\/wp\/v2\/pages\/1806","targetHints":{"allow":["GET"]}}],"collection":[{"href":"https:\/\/ib-kistner.de\/index.php\/wp-json\/wp\/v2\/pages"}],"about":[{"href":"https:\/\/ib-kistner.de\/index.php\/wp-json\/wp\/v2\/types\/page"}],"author":[{"embeddable":true,"href":"https:\/\/ib-kistner.de\/index.php\/wp-json\/wp\/v2\/users\/1"}],"replies":[{"embeddable":true,"href":"https:\/\/ib-kistner.de\/index.php\/wp-json\/wp\/v2\/comments?post=1806"}],"version-history":[{"count":11,"href":"https:\/\/ib-kistner.de\/index.php\/wp-json\/wp\/v2\/pages\/1806\/revisions"}],"predecessor-version":[{"id":1937,"href":"https:\/\/ib-kistner.de\/index.php\/wp-json\/wp\/v2\/pages\/1806\/revisions\/1937"}],"up":[{"embeddable":true,"href":"https:\/\/ib-kistner.de\/index.php\/wp-json\/wp\/v2\/pages\/10"}],"wp:attachment":[{"href":"https:\/\/ib-kistner.de\/index.php\/wp-json\/wp\/v2\/media?parent=1806"}],"curies":[{"name":"wp","href":"https:\/\/api.w.org\/{rel}","templated":true}]}}